{"id":1359,"date":"2023-06-29T07:31:00","date_gmt":"2023-06-29T07:31:00","guid":{"rendered":"https:\/\/mallorca.host\/websites\/finestnails\/?page_id=1359"},"modified":"2023-09-08T08:42:00","modified_gmt":"2023-09-08T08:42:00","slug":"design","status":"publish","type":"page","link":"https:\/\/finestnails.de\/wp\/design\/","title":{"rendered":"Design"},"content":{"rendered":"<h1>Einzigartige N\u00e4gel<\/h1>\n<h2>Manik\u00fcre &#038; Pedik\u00fcre<\/h2>\n<ul>\n<li>\n<h3>Signature Manik\u00fcre:<\/h3>\n<p>31 \u20ac<\/p>\n<div>\n<p>Eine symphonie der Pflege. Von professionellem Feilen bis hin zum gl\u00e4nzenden Polieren.<\/p>\n<\/p>\n<\/div>\n<\/li>\n<li>\n<h3>Luxus Pedik\u00fcre<\/h3>\n<p>ab 46 \u20ac<\/p>\n<div>\n<p>G\u00f6nnen Sie Ihren F\u00fc\u00dfen eine Pause. Inklusive verj\u00fcngendem Peeling und entspannender Massage.<\/p>\n<\/p>\n<\/div>\n<\/li>\n<\/ul>\n<h2>Individuelles Nageldesign<\/h2>\n<ul>\n<li>\n<h3>Trend Design<\/h3>\n<p>Auff\u00fcllen: M: 55 \u20ac I L: 59 \u20ac I XL: 66 \u20ac &#8211; Neumodelage mit : M: 74 \u20ac I L: 79 \u20ac I XL: 89 \u20ac<\/p>\n<div>\n<p><span>Lassen Sie Ihre N\u00e4gel eine modische Aussage treffen. Mit Designs inspiriert von den aktuellen Trends wie Retro &#8230;<\/span><\/p>\n<\/p>\n<\/div>\n<\/li>\n<li>\n<h3>Seasonal Design<\/h3>\n<p>Auff\u00fcllen: M: 55 \u20ac I L: 59 \u20ac I XL: 66 \u20ac &#8211; Neumodelage mit : M: 74 \u20ac I L: 79 \u20ac I XL: 89 \u20ac<\/p>\n<div>\n<p><span>F\u00fcgen Sie Ihrem Look eine saisonale Note hinzu. Nageldesigns, inspiriert von den sich wandelnden Jahreszeiten und besonderen Anl\u00e4ssen.<\/span><\/p>\n<\/p>\n<\/div>\n<\/li>\n<li>\n<h3>Shellac Fullcover<\/h3>\n<p>31 \u20ac  optimale Haltbarkeit bei kurzen N\u00e4geln<\/p>\n<div>\n<\/p>\n<\/div>\n<\/li>\n<li>\n<h3>French Design<\/h3>\n<p>Auff\u00fcllen: M: 52 \u20ac I L: 53 \u20ac I XL: 59 \u20ac &#8211; Neumodelage mit Frensh : M: 74 \u20ac I L: 79 \u20ac I XL: 89 \u20ac<\/p>\n<div>\n<\/p>\n<\/div>\n<\/li>\n<\/ul>\n<p><img decoding=\"async\" src=\"\/wp\/wp-content\/uploads\/2023\/07\/014-finestnails-naegel-art-nails-berlin.jpg\" alt=\"\"><\/p>\n<h2>Spezialtechnik<\/h2>\n<ul>\n<li>\n<h3>Acryl- und Gelmodellage:<\/h3>\n<p>S: KUPPENB\u00dcNDIG &#8211; M: BIS 0.8 CM &#8211; XL: 0.8 \u2013 1.5 CM &#8211; XXL: AB 1.5 CM<\/p>\n<div>\n<div class=\"ql-block\" data-block-id=\"block-4495eea2-a537-4fc4-a64e-a8dde0e7543b\">F\u00fcr einen makellosen Look. Perfekt f\u00fcr die Verl\u00e4ngerung und Verst\u00e4rkung Ihrer nat\u00fcrlichen N\u00e4gel.<\/div>\n<\/p>\n<ul><\/ul>\n<\/div>\n<\/li>\n<li>\n<h3>Auff\u00fcllen Clear: <\/h3>\n<p>S: 39\u20ac, M: 41\u20ac, XL: 43\u20ac<\/p>\n<\/li>\n<li>\n<h3>Auff\u00fcllen Rosa Gel: <\/h3>\n<p>S: 41\u20ac, M: 43\u20ac, XL: 55\u20ac<\/p>\n<\/li>\n<li>\n<h3>Babyboomer: <\/h3>\n<p>S: 52\u20ac, M: 53\u20ac, XL: 59\u20ac<\/p>\n<\/li>\n<li>\n<h3>Cover Gel Auff\u00fcllen ohne Design: <\/h3>\n<p>S: 48\u20ac, M: 51\u20ac, XL: 55\u20ac<\/p>\n<\/li>\n<li>\n<h3>Neumodellage inkl. 2 Schmuckn\u00e4gel: <\/h3>\n<p>S: 74\u20ac, M: 79\u20ac, XL: 89\u20ac<\/p>\n<\/li>\n<\/ul>\n<h2>Spezialtechnik<\/h2>\n<ul>\n<li>\n<h3>Nail Art<\/h3>\n<p>S: KUPPENB\u00dcNDIG &#8211; M: BIS 0.8 CM &#8211; XL: 0.8 \u2013 1.5 CM &#8211; XXL: AB 1.5 CM<\/p>\n<div>\n<div class=\"ql-block\" data-block-id=\"block-4495eea2-a537-4fc4-a64e-a8dde0e7543b\">\n<div class=\"ql-block\" data-block-id=\"block-4e1ada43-d3a1-4ca3-9193-26769e00feb7\">Ein bisschen Glamour. Setzen Sie mit Details wie Glitzer, Steinen und Stickern Highlights auf Ihren N\u00e4geln.<\/div>\n<\/p>\n<\/div>\n<ul><\/ul>\n<\/div>\n<\/li>\n<li>\n<h3>Auff\u00fcllen Nailart <\/h3>\n<p>1-3 Schmuckn\u00e4gel:  S: 53\u20ac, M: 54\u20ac, XL: 59\u20ac<\/p>\n<\/li>\n<li>\n<h3>Auff\u00fcllen Nailart <\/h3>\n<p>4-5 Schmuckn\u00e4gel: S: 55\u20ac, M: 59\u20ac, XL: 66\u20ac<\/p>\n<\/li>\n<li>\n<h3>Strass <\/h3>\n<p>(mehr als 4 Steine): \u20ac0.50 pro Stein<\/p>\n<\/li>\n<\/ul>\n<h2>Luxusbehandlungen<\/h2>\n<ul>\n<li>\n<h3>Goldveredelung<\/h3>\n<p>2 N\u00e4gel inklusive: 5 \u20ac pro Nagel<\/p>\n<div>\n<div class=\"ql-block\" data-block-id=\"block-4495eea2-a537-4fc4-a64e-a8dde0e7543b\">\n<div class=\"ql-block\" data-block-id=\"block-4e1ada43-d3a1-4ca3-9193-26769e00feb7\">Eleganz trifft auf Exklusivit\u00e4t. G\u00f6nnen Sie sich das Besondere \u2013 Ihre N\u00e4gel veredelt mit 24-kar\u00e4tigem Gold.<\/div>\n<\/div>\n<ul><\/ul>\n<\/div>\n<\/li>\n<li>\n<h3>Swarovski Nails:<\/h3>\n<p>4 Steine inklusive &#8211; jeder weitere Stein 50 cent<\/p>\n<div>\n<p>F\u00fcr die unvergesslichen Momente. Funkelnde Kristalle f\u00fcr einen glamour\u00f6sen Auftritt.<\/p>\n<\/p>\n<\/div>\n<\/li>\n<\/ul>\n<ul>\n<li>\n<p>        <img decoding=\"async\" src=\"\/wp\/wp-content\/uploads\/2023\/07\/010-finestnails-naegel-art-nails-berlin.jpg\" alt=\"\"><\/p>\n<\/li>\n<li>\n<p>        <img decoding=\"async\" src=\"\/wp\/wp-content\/uploads\/2023\/07\/015-finestnails-naegel-art-nails-berlin.jpg\" alt=\"\"><\/p>\n<\/li>\n<li>\n<p>        <img decoding=\"async\" src=\"\/wp\/wp-content\/uploads\/2023\/07\/013-finestnails-naegel-art-nails-berlin.jpg\" alt=\"\"><\/p>\n<\/li>\n<li>\n<p>        <img decoding=\"async\" src=\"\/wp\/wp-content\/uploads\/2023\/07\/007-finestnails-naegel-art-nails-berlin.jpg\" alt=\"\"><\/p>\n<\/li>\n<li>\n<p>        <img decoding=\"async\" src=\"\/wp\/wp-content\/uploads\/2023\/07\/006-finestnails-naegel-art-nails-berlin.jpg\" alt=\"\"><\/p>\n<\/li>\n<li>\n<p>        <img decoding=\"async\" src=\"\/wp\/wp-content\/uploads\/2023\/07\/005-finestnails-naegel-art-nails-berlin.jpg\" alt=\"\"><\/p>\n<\/li>\n<li>\n<p>        <img decoding=\"async\" src=\"\/wp\/wp-content\/uploads\/2023\/07\/004-finestnails-naegel-art-nails-berlin.jpg\" alt=\"\"><\/p>\n<\/li>\n<li>\n<p>        <img decoding=\"async\" src=\"\/wp\/wp-content\/uploads\/2023\/07\/003-finestnails-naegel-art-nails-berlin.jpg\" alt=\"\"><\/p>\n<\/li>\n<li>\n<p>        <img decoding=\"async\" src=\"\/wp\/wp-content\/uploads\/2023\/07\/002-finestnails-naegel-art-nails-berlin.jpg\" alt=\"\"><\/p>\n<\/li>\n<li>\n<p>        <img decoding=\"async\" src=\"\/wp\/wp-content\/uploads\/2023\/07\/001-finestnails-naegel-art-nails-berlin.jpg\" alt=\"\"><\/p>\n<\/li>\n<\/ul>\n<ul>\n<li>\n<h3>Extras:<\/h3>\n<p>Tips \/ Schablone: \u20ac2 Schablone Reparatur: \u20ac1 Abl\u00f6sen Gel\/ Acryl: \u20ac15 Alle Preise inkl. 19% Mwst. in \u20ac<\/p>\n<\/li>\n<li>\n<h3>Hinweis zur Nagell\u00e4nge:<\/h3>\n<p>Kurz (S): Kuppenb\u00fcndig Mittel (M): bis 0.8 cm Lang (XL) : 0.8 &#8211; 1.5 cm XXL: ab 1.5 cm<\/p>\n<\/li>\n<\/ul>\n<p><!--more--><br \/>\n<!-- {\"type\":\"layout\",\"children\":[{\"type\":\"section\",\"props\":{\"image\":\"wp-content\\\/uploads\\\/2023\\\/07\\\/003-finestnails-naegel-art-nails-berlin.jpg\",\"image_position\":\"center-center\",\"media_overlay\":\"rgba(255, 255, 255, 0.89)\",\"style\":\"default\",\"title_breakpoint\":\"xl\",\"title_position\":\"top-left\",\"title_rotation\":\"left\",\"vertical_align\":\"middle\",\"width\":\"default\"},\"children\":[{\"type\":\"row\",\"props\":{\"margin\":\"xlarge\"},\"children\":[{\"type\":\"column\",\"props\":{\"image_position\":\"center-center\",\"position_sticky_breakpoint\":\"m\"},\"children\":[{\"type\":\"headline\",\"props\":{\"content\":\"Einzigartige N\\u00e4gel\",\"text_align\":\"center\",\"title_color\":\"background\",\"title_element\":\"h1\",\"title_style\":\"heading-medium\"}}]}]}]},{\"type\":\"section\",\"props\":{\"image_position\":\"center-center\",\"style\":\"default\",\"title_breakpoint\":\"xl\",\"title_position\":\"top-left\",\"title_rotation\":\"left\",\"vertical_align\":\"middle\",\"width\":\"default\"},\"children\":[{\"type\":\"row\",\"props\":{\"layout\":\"1-2,1-2\"},\"children\":[{\"type\":\"column\",\"props\":{\"image_position\":\"center-center\",\"position_sticky_breakpoint\":\"m\",\"position_sticky_offset\":\"200px\",\"width_medium\":\"1-2\"},\"children\":[{\"type\":\"headline\",\"props\":{\"content\":\"Manik\\u00fcre & Pedik\\u00fcre\",\"title_color\":\"background\",\"title_element\":\"h2\",\"title_style\":\"h4\"}},{\"name\":\"Description List Layout Grid Meta Right\",\"type\":\"description_list\",\"children\":[{\"type\":\"description_list_item\",\"props\":{\"content\":\"\n\n<p>Eine symphonie der Pflege. Von professionellem Feilen bis hin zum gl\\u00e4nzenden Polieren.<\\\/p>\\n\n\n<p><\\\/p>\",\"link_target\":true,\"meta\":\"31 \\u20ac\",\"title\":\"Signature Manik\\u00fcre:\"}},{\"type\":\"description_list_item\",\"props\":{\"content\":\"\n\n<p>G\\u00f6nnen Sie Ihren F\\u00fc\\u00dfen eine Pause. Inklusive verj\\u00fcngendem Peeling und entspannender Massage.<\\\/p>\\n\n\n<p><\\\/p>\",\"meta\":\"ab 46 \\u20ac\",\"title\":\"Luxus Pedik\\u00fcre\"}}],\"props\":{\"column_breakpoint\":\"m\",\"layout\":\"stacked\",\"link_style\":\"text\",\"list_element\":\"ul\",\"list_size\":\"large\",\"list_style\":\"divider\",\"margin\":\"small\",\"meta_align\":\"below-content\",\"meta_color\":\"muted\",\"meta_style\":\"h6\",\"show_content\":true,\"show_link\":true,\"show_meta\":true,\"show_title\":true,\"title_element\":\"h3\",\"title_grid_column_gap\":\"small\",\"title_grid_row_gap\":\"small\",\"title_grid_width\":\"expand\",\"title_style\":\"h5\"}},{\"type\":\"headline\",\"props\":{\"content\":\"Individuelles Nageldesign\",\"title_color\":\"background\",\"title_element\":\"h2\",\"title_style\":\"h4\"}},{\"name\":\"Description List Layout Grid Meta Right\",\"type\":\"description_list\",\"children\":[{\"type\":\"description_list_item\",\"props\":{\"content\":\"\n\n<p><span>Lassen Sie Ihre N\\u00e4gel eine modische Aussage treffen. Mit Designs inspiriert von den aktuellen Trends wie Retro ...<\\\/span><\\\/p>\\n\n\n<p><\\\/p>\",\"link_target\":true,\"meta\":\"Auff\\u00fcllen: M: 55 \\u20ac I L: 59 \\u20ac I XL: 66 \\u20ac - Neumodelage mit : M: 74 \\u20ac I L: 79 \\u20ac I XL: 89 \\u20ac\",\"title\":\"Trend Design\"}},{\"type\":\"description_list_item\",\"props\":{\"content\":\"\n\n<p><span>F\\u00fcgen Sie Ihrem Look eine saisonale Note hinzu. Nageldesigns, inspiriert von den sich wandelnden Jahreszeiten und besonderen Anl\\u00e4ssen.<\\\/span><\\\/p>\\n\n\n<p><\\\/p>\\n\n\n<p><\\\/p>\",\"meta\":\"Auff\\u00fcllen: M: 55 \\u20ac I L: 59 \\u20ac I XL: 66 \\u20ac - Neumodelage mit : M: 74 \\u20ac I L: 79 \\u20ac I XL: 89 \\u20ac\",\"title\":\"Seasonal Design\"}},{\"type\":\"description_list_item\",\"props\":{\"content\":\"\n\n<p><\\\/p>\\n\n\n<p><\\\/p>\",\"meta\":\"31 \\u20ac  optimale Haltbarkeit bei kurzen N\\u00e4geln\",\"title\":\"Shellac Fullcover\"}},{\"type\":\"description_list_item\",\"props\":{\"content\":\"\n\n<p><\\\/p>\\n\n\n<p><\\\/p>\",\"meta\":\"Auff\\u00fcllen: M: 52 \\u20ac I L: 53 \\u20ac I XL: 59 \\u20ac - Neumodelage mit Frensh : M: 74 \\u20ac I L: 79 \\u20ac I XL: 89 \\u20ac\",\"title\":\"French Design\"}}],\"props\":{\"column_breakpoint\":\"m\",\"layout\":\"stacked\",\"link_style\":\"text\",\"list_element\":\"ul\",\"list_size\":\"large\",\"list_style\":\"divider\",\"margin\":\"small\",\"meta_align\":\"below-content\",\"meta_color\":\"muted\",\"meta_style\":\"h6\",\"show_content\":true,\"show_link\":true,\"show_meta\":true,\"show_title\":true,\"title_element\":\"h3\",\"title_grid_column_gap\":\"small\",\"title_grid_row_gap\":\"small\",\"title_grid_width\":\"expand\",\"title_style\":\"h5\"}}]},{\"type\":\"column\",\"props\":{\"image_position\":\"center-center\",\"position_sticky_breakpoint\":\"m\",\"width_medium\":\"1-2\"},\"children\":[{\"type\":\"image\",\"props\":{\"animation\":\"parallax\",\"image\":\"wp-content\\\/uploads\\\/2023\\\/07\\\/014-finestnails-naegel-art-nails-berlin.jpg\",\"image_svg_color\":\"emphasis\",\"margin\":\"default\",\"parallax_blur\":\"7\",\"parallax_opacity\":\"0\",\"parallax_rotate\":\"0\",\"parallax_scale\":\"0.8\",\"parallax_x\":\"-40\",\"parallax_y\":\"-20 69%\"}}]}]}]},{\"type\":\"section\",\"props\":{\"image_position\":\"center-center\",\"style\":\"default\",\"title_breakpoint\":\"xl\",\"title_position\":\"top-left\",\"title_rotation\":\"left\",\"vertical_align\":\"middle\",\"width\":\"default\"},\"children\":[{\"type\":\"row\",\"props\":{\"layout\":\"1-2,1-2\"},\"children\":[{\"type\":\"column\",\"props\":{\"image_position\":\"center-center\",\"position_sticky_breakpoint\":\"m\",\"width_medium\":\"1-2\"},\"children\":[{\"type\":\"headline\",\"props\":{\"content\":\"Spezialtechnik\",\"title_color\":\"background\",\"title_element\":\"h2\",\"title_style\":\"h4\"}},{\"name\":\"Description List Layout Grid Meta Right\",\"type\":\"description_list\",\"children\":[{\"type\":\"description_list_item\",\"props\":{\"content\":\"\n\n<div class=\\\"ql-block\\\" data-block-id=\\\"block-4495eea2-a537-4fc4-a64e-a8dde0e7543b\\\">F\\u00fcr einen makellosen Look. Perfekt f\\u00fcr die Verl\\u00e4ngerung und Verst\\u00e4rkung Ihrer nat\\u00fcrlichen N\\u00e4gel.<\\\/div>\\n\n\n<p><\\\/p>\\n\n\n<ul><\\\/ul>\",\"link_target\":true,\"meta\":\"S: KUPPENB\\u00dcNDIG - M: BIS 0.8 CM - XL: 0.8 \\u2013 1.5 CM - XXL: AB 1.5 CM\",\"title\":\"Acryl- und Gelmodellage:\"}},{\"type\":\"description_list_item\",\"props\":{\"content\":\"\",\"meta\":\"S: 39\\u20ac, M: 41\\u20ac, XL: 43\\u20ac\",\"title\":\"Auff\\u00fcllen Clear: \"}},{\"type\":\"description_list_item\",\"props\":{\"content\":\"\",\"meta\":\"S: 41\\u20ac, M: 43\\u20ac, XL: 55\\u20ac\",\"title\":\"Auff\\u00fcllen Rosa Gel: \"}},{\"type\":\"description_list_item\",\"props\":{\"content\":\"\",\"meta\":\"S: 52\\u20ac, M: 53\\u20ac, XL: 59\\u20ac\",\"title\":\"Babyboomer: \"}},{\"type\":\"description_list_item\",\"props\":{\"content\":\"\",\"meta\":\"S: 48\\u20ac, M: 51\\u20ac, XL: 55\\u20ac\",\"title\":\"Cover Gel Auff\\u00fcllen ohne Design: \"}},{\"type\":\"description_list_item\",\"props\":{\"content\":\"\",\"meta\":\"S: 74\\u20ac, M: 79\\u20ac, XL: 89\\u20ac\",\"title\":\"Neumodellage inkl. 2 Schmuckn\\u00e4gel: \"}}],\"props\":{\"column_breakpoint\":\"m\",\"layout\":\"stacked\",\"link_style\":\"text\",\"list_element\":\"ul\",\"list_size\":\"large\",\"margin\":\"small\",\"meta_align\":\"below-content\",\"meta_color\":\"muted\",\"meta_style\":\"h6\",\"show_content\":true,\"show_link\":true,\"show_meta\":true,\"show_title\":true,\"title_element\":\"h3\",\"title_grid_column_gap\":\"small\",\"title_grid_row_gap\":\"small\",\"title_grid_width\":\"expand\",\"title_style\":\"h5\"}}]},{\"type\":\"column\",\"props\":{\"image_position\":\"center-center\",\"position_sticky_breakpoint\":\"m\",\"width_medium\":\"1-2\"},\"children\":[{\"type\":\"headline\",\"props\":{\"content\":\"Spezialtechnik\",\"title_color\":\"background\",\"title_element\":\"h2\",\"title_style\":\"h4\"}},{\"name\":\"Description List Layout Grid Meta Right\",\"type\":\"description_list\",\"children\":[{\"type\":\"description_list_item\",\"props\":{\"content\":\"\n\n<div class=\\\"ql-block\\\" data-block-id=\\\"block-4495eea2-a537-4fc4-a64e-a8dde0e7543b\\\">\\n\n\n<div class=\\\"ql-block\\\" data-block-id=\\\"block-4e1ada43-d3a1-4ca3-9193-26769e00feb7\\\">Ein bisschen Glamour. Setzen Sie mit Details wie Glitzer, Steinen und Stickern Highlights auf Ihren N\\u00e4geln.<\\\/div>\\n\n\n<p><\\\/p>\\n<\\\/div>\\n\n\n<p><\\\/p>\\n\n\n<ul><\\\/ul>\",\"link_target\":true,\"meta\":\"S: KUPPENB\\u00dcNDIG - M: BIS 0.8 CM - XL: 0.8 \\u2013 1.5 CM - XXL: AB 1.5 CM\",\"title\":\"Nail Art\"}},{\"type\":\"description_list_item\",\"props\":{\"content\":\"\",\"link_target\":true,\"meta\":\"1-3 Schmuckn\\u00e4gel:  S: 53\\u20ac, M: 54\\u20ac, XL: 59\\u20ac\",\"title\":\"Auff\\u00fcllen Nailart \"}},{\"type\":\"description_list_item\",\"props\":{\"content\":\"\",\"link_target\":true,\"meta\":\"4-5 Schmuckn\\u00e4gel: S: 55\\u20ac, M: 59\\u20ac, XL: 66\\u20ac\",\"title\":\"Auff\\u00fcllen Nailart \"}},{\"type\":\"description_list_item\",\"props\":{\"content\":\"\",\"link_target\":true,\"meta\":\"(mehr als 4 Steine): \\u20ac0.50 pro Stein\",\"title\":\"Strass \"}}],\"props\":{\"column_breakpoint\":\"m\",\"layout\":\"stacked\",\"link_style\":\"text\",\"list_element\":\"ul\",\"list_size\":\"large\",\"margin\":\"small\",\"meta_align\":\"below-content\",\"meta_color\":\"muted\",\"meta_style\":\"h6\",\"show_content\":true,\"show_link\":true,\"show_meta\":true,\"show_title\":true,\"title_element\":\"h3\",\"title_grid_column_gap\":\"small\",\"title_grid_row_gap\":\"small\",\"title_grid_width\":\"expand\",\"title_style\":\"h5\"}}]}]}]},{\"type\":\"section\",\"props\":{\"image_position\":\"center-center\",\"style\":\"default\",\"title_breakpoint\":\"xl\",\"title_position\":\"top-left\",\"title_rotation\":\"left\",\"vertical_align\":\"middle\",\"width\":\"default\"},\"children\":[{\"type\":\"row\",\"props\":{\"layout\":\"1-2,1-2\"},\"children\":[{\"type\":\"column\",\"props\":{\"image_position\":\"center-center\",\"position_sticky_breakpoint\":\"m\",\"width_medium\":\"1-2\"},\"children\":[{\"type\":\"headline\",\"props\":{\"content\":\"Luxusbehandlungen\",\"title_color\":\"background\",\"title_element\":\"h2\",\"title_style\":\"h4\"}},{\"name\":\"Description List Layout Grid Meta Right\",\"type\":\"description_list\",\"children\":[{\"type\":\"description_list_item\",\"props\":{\"content\":\"\n\n<div class=\\\"ql-block\\\" data-block-id=\\\"block-4495eea2-a537-4fc4-a64e-a8dde0e7543b\\\">\\n\n\n<div class=\\\"ql-block\\\" data-block-id=\\\"block-4e1ada43-d3a1-4ca3-9193-26769e00feb7\\\">Eleganz trifft auf Exklusivit\\u00e4t. G\\u00f6nnen Sie sich das Besondere \\u2013 Ihre N\\u00e4gel veredelt mit 24-kar\\u00e4tigem Gold.<\\\/div>\\n<\\\/div>\\n\n\n<ul><\\\/ul>\",\"link_target\":true,\"meta\":\"2 N\\u00e4gel inklusive: 5 \\u20ac pro Nagel\",\"title\":\"Goldveredelung\"}},{\"type\":\"description_list_item\",\"props\":{\"content\":\"\n\n<p>F\\u00fcr die unvergesslichen Momente. Funkelnde Kristalle f\\u00fcr einen glamour\\u00f6sen Auftritt.<\\\/p>\\n\n\n<p><\\\/p>\",\"link_target\":true,\"meta\":\"4 Steine inklusive - jeder weitere Stein 50 cent\",\"title\":\"Swarovski Nails:\"}}],\"props\":{\"column_breakpoint\":\"m\",\"layout\":\"stacked\",\"link_style\":\"text\",\"list_element\":\"ul\",\"list_size\":\"large\",\"list_style\":\"divider\",\"margin\":\"small\",\"meta_align\":\"below-content\",\"meta_color\":\"muted\",\"meta_style\":\"h6\",\"show_content\":true,\"show_link\":true,\"show_meta\":true,\"show_title\":true,\"title_element\":\"h3\",\"title_grid_column_gap\":\"small\",\"title_grid_row_gap\":\"small\",\"title_grid_width\":\"expand\",\"title_style\":\"h5\"}}]},{\"type\":\"column\",\"props\":{\"image_position\":\"center-center\",\"position_sticky_breakpoint\":\"m\",\"width_medium\":\"1-2\"},\"children\":[{\"type\":\"slideshow\",\"props\":{\"link_style\":\"default\",\"link_text\":\"Read more\",\"margin\":\"default\",\"meta_align\":\"below-title\",\"meta_element\":\"div\",\"meta_style\":\"text-meta\",\"nav\":\"dotnav\",\"nav_align\":\"center\",\"nav_breakpoint\":\"s\",\"nav_position\":\"bottom-center\",\"nav_position_margin\":\"medium\",\"overlay_animation\":\"parallax\",\"overlay_position\":\"center-left\",\"show_content\":true,\"show_link\":true,\"show_meta\":true,\"show_thumbnail\":true,\"show_title\":true,\"slidenav\":\"default\",\"slidenav_breakpoint\":\"s\",\"slidenav_margin\":\"medium\",\"slidenav_outside_breakpoint\":\"xl\",\"slideshow_autoplay_pause\":true,\"slideshow_min_height\":\"600\",\"thumbnav_height\":\"75\",\"thumbnav_svg_color\":\"emphasis\",\"thumbnav_width\":\"100\",\"title_element\":\"h3\"},\"children\":[{\"type\":\"slideshow_item\",\"props\":{\"image\":\"wp-content\\\/uploads\\\/2023\\\/07\\\/010-finestnails-naegel-art-nails-berlin.jpg\"}},{\"type\":\"slideshow_item\",\"props\":{\"image\":\"wp-content\\\/uploads\\\/2023\\\/07\\\/015-finestnails-naegel-art-nails-berlin.jpg\"}},{\"type\":\"slideshow_item\",\"props\":{\"image\":\"wp-content\\\/uploads\\\/2023\\\/07\\\/013-finestnails-naegel-art-nails-berlin.jpg\"}},{\"type\":\"slideshow_item\",\"props\":{\"image\":\"wp-content\\\/uploads\\\/2023\\\/07\\\/007-finestnails-naegel-art-nails-berlin.jpg\"}},{\"type\":\"slideshow_item\",\"props\":{\"image\":\"wp-content\\\/uploads\\\/2023\\\/07\\\/006-finestnails-naegel-art-nails-berlin.jpg\"}},{\"type\":\"slideshow_item\",\"props\":{\"image\":\"wp-content\\\/uploads\\\/2023\\\/07\\\/005-finestnails-naegel-art-nails-berlin.jpg\"}},{\"type\":\"slideshow_item\",\"props\":{\"image\":\"wp-content\\\/uploads\\\/2023\\\/07\\\/004-finestnails-naegel-art-nails-berlin.jpg\"}},{\"type\":\"slideshow_item\",\"props\":{\"image\":\"wp-content\\\/uploads\\\/2023\\\/07\\\/003-finestnails-naegel-art-nails-berlin.jpg\"}},{\"type\":\"slideshow_item\",\"props\":{\"image\":\"wp-content\\\/uploads\\\/2023\\\/07\\\/002-finestnails-naegel-art-nails-berlin.jpg\"}},{\"type\":\"slideshow_item\",\"props\":{\"image\":\"wp-content\\\/uploads\\\/2023\\\/07\\\/001-finestnails-naegel-art-nails-berlin.jpg\"}}]}]}]}]},{\"type\":\"section\",\"props\":{\"image_position\":\"center-center\",\"style\":\"default\",\"title_breakpoint\":\"xl\",\"title_position\":\"top-left\",\"title_rotation\":\"left\",\"vertical_align\":\"middle\",\"width\":\"default\"},\"children\":[{\"type\":\"row\",\"children\":[{\"type\":\"column\",\"props\":{\"image_position\":\"center-center\",\"position_sticky_breakpoint\":\"m\"},\"children\":[{\"name\":\"Description List Layout Grid Meta Right\",\"type\":\"description_list\",\"children\":[{\"type\":\"description_list_item\",\"props\":{\"content\":\"\",\"link_target\":true,\"meta\":\"Tips \\\/ Schablone: \\u20ac2 Schablone Reparatur: \\u20ac1 Abl\\u00f6sen Gel\\\/ Acryl: \\u20ac15 Alle Preise inkl. 19% Mwst. in \\u20ac\",\"title\":\"Extras:\"}},{\"type\":\"description_list_item\",\"props\":{\"content\":\"\",\"link_target\":true,\"meta\":\"Kurz (S): Kuppenb\\u00fcndig Mittel (M): bis 0.8 cm Lang (XL) : 0.8 - 1.5 cm XXL: ab 1.5 cm\",\"title\":\"Hinweis zur Nagell\\u00e4nge:\"}}],\"props\":{\"column_breakpoint\":\"m\",\"layout\":\"grid-2\",\"link_style\":\"text\",\"list_element\":\"ul\",\"list_size\":\"large\",\"list_style\":\"divider\",\"margin\":\"small\",\"meta_align\":\"below-title\",\"meta_color\":\"muted\",\"meta_style\":\"h6\",\"show_content\":true,\"show_link\":true,\"show_meta\":true,\"show_title\":true,\"title_element\":\"h3\",\"title_grid_column_gap\":\"small\",\"title_grid_row_gap\":\"small\",\"title_grid_width\":\"expand\",\"title_style\":\"h5\"}}]}]}]}],\"version\":\"4.0.7\"} --><\/p>\n","protected":false},"excerpt":{"rendered":"<p>Einzigartige N\u00e4gel Manik\u00fcre &#038; Pedik\u00fcre Signature Manik\u00fcre: 31 \u20ac Eine symphonie der Pflege. Von professionellem Feilen bis hin zum gl\u00e4nzenden Polieren. Luxus Pedik\u00fcre ab 46 \u20ac G\u00f6nnen Sie Ihren F\u00fc\u00dfen eine Pause. Inklusive verj\u00fcngendem Peeling und entspannender Massage. Individuelles Nageldesign Trend Design Auff\u00fcllen: M: 55 \u20ac I L: 59 \u20ac I XL: 66 \u20ac &#8211; [&hellip;]<\/p>\n","protected":false},"author":1,"featured_media":0,"parent":0,"menu_order":0,"comment_status":"closed","ping_status":"closed","template":"","meta":{"footnotes":""},"class_list":["post-1359","page","type-page","status-publish","hentry"],"acf":[],"_links":{"self":[{"href":"https:\/\/finestnails.de\/wp\/wp-json\/wp\/v2\/pages\/1359","targetHints":{"allow":["GET"]}}],"collection":[{"href":"https:\/\/finestnails.de\/wp\/wp-json\/wp\/v2\/pages"}],"about":[{"href":"https:\/\/finestnails.de\/wp\/wp-json\/wp\/v2\/types\/page"}],"author":[{"embeddable":true,"href":"https:\/\/finestnails.de\/wp\/wp-json\/wp\/v2\/users\/1"}],"replies":[{"embeddable":true,"href":"https:\/\/finestnails.de\/wp\/wp-json\/wp\/v2\/comments?post=1359"}],"version-history":[{"count":119,"href":"https:\/\/finestnails.de\/wp\/wp-json\/wp\/v2\/pages\/1359\/revisions"}],"predecessor-version":[{"id":2414,"href":"https:\/\/finestnails.de\/wp\/wp-json\/wp\/v2\/pages\/1359\/revisions\/2414"}],"wp:attachment":[{"href":"https:\/\/finestnails.de\/wp\/wp-json\/wp\/v2\/media?parent=1359"}],"curies":[{"name":"wp","href":"https:\/\/api.w.org\/{rel}","templated":true}]}}