{"id":2735,"date":"2024-10-31T12:10:48","date_gmt":"2024-10-31T12:10:48","guid":{"rendered":"https:\/\/finestnails.de\/wp\/?post_type=product&#038;p=2735"},"modified":"2024-10-31T12:10:53","modified_gmt":"2024-10-31T12:10:53","slug":"baehr-handcreme-in-unterschiedlichen-duftvarianten-mit-urea-ideal-fuer-trockene-haut-4","status":"publish","type":"product","link":"https:\/\/finestnails.de\/wp\/product\/baehr-handcreme-in-unterschiedlichen-duftvarianten-mit-urea-ideal-fuer-trockene-haut-4\/","title":{"rendered":"Baehr Handcreme in unterschiedlichen Duftvarianten mit Urea \u2013 ideal f\u00fcr trockene Haut."},"content":{"rendered":"<p>BAEHR Handcreme-Selection&#8220; Das Handcreme-Set enth\u00e4lt 4 verschiedene Handcremes aus der BAEHR BEAUTY CONCEPT Serie. Alle Handcremes verw\u00f6hnen und pflegen mit hochwertigen Inhaltsstoffen und tollen D\u00fcften. Die Cremes ziehen schnell ein und pflegen die Haut optimal.<\/p>\n","protected":false},"excerpt":{"rendered":"<p>BAEHR Handcreme-Selection&#8220; Das Handcreme-Set enth\u00e4lt 4 verschiedene Handcremes aus der BAEHR BEAUTY CONCEPT Serie.<\/p>\n","protected":false},"author":1,"featured_media":1960,"comment_status":"open","ping_status":"closed","template":"","meta":[],"product_cat":[16],"product_tag":[],"class_list":["post-2735","product","type-product","status-publish","has-post-thumbnail","hentry","product_cat-handpflege"],"acf":[],"_links":{"self":[{"href":"https:\/\/finestnails.de\/wp\/wp-json\/wp\/v2\/products\/2735","targetHints":{"allow":["GET"]}}],"collection":[{"href":"https:\/\/finestnails.de\/wp\/wp-json\/wp\/v2\/products"}],"about":[{"href":"https:\/\/finestnails.de\/wp\/wp-json\/wp\/v2\/types\/product"}],"author":[{"embeddable":true,"href":"https:\/\/finestnails.de\/wp\/wp-json\/wp\/v2\/users\/1"}],"replies":[{"embeddable":true,"href":"https:\/\/finestnails.de\/wp\/wp-json\/wp\/v2\/comments?post=2735"}],"wp:featuredmedia":[{"embeddable":true,"href":"https:\/\/finestnails.de\/wp\/wp-json\/wp\/v2\/media\/1960"}],"wp:attachment":[{"href":"https:\/\/finestnails.de\/wp\/wp-json\/wp\/v2\/media?parent=2735"}],"wp:term":[{"taxonomy":"product_cat","embeddable":true,"href":"https:\/\/finestnails.de\/wp\/wp-json\/wp\/v2\/product_cat?post=2735"},{"taxonomy":"product_tag","embeddable":true,"href":"https:\/\/finestnails.de\/wp\/wp-json\/wp\/v2\/product_tag?post=2735"}],"curies":[{"name":"wp","href":"https:\/\/api.w.org\/{rel}","templated":true}]}}